{"id":12,"date":"2010-04-28T16:29:21","date_gmt":"2010-04-28T16:29:21","guid":{"rendered":"http:\/\/wl31www372.webland.ch\/?page_id=12"},"modified":"2010-06-11T06:52:37","modified_gmt":"2010-06-11T06:52:37","slug":"vorgeschichte","status":"publish","type":"page","link":"http:\/\/www.projektcamion.ch\/?page_id=12","title":{"rendered":"Vorgeschichte"},"content":{"rendered":"<p>Im Dezember 1997 lief die Bev\u00f6lkerung von Timia zu einem Freudenfest zusammen. Nach einer Odyssee von der Schweiz nach Niger war der neue Lastwagen \u201eMuco\u201c angekommen und nun bereit f\u00fcr seine Transportdienste zwischen der Oase und Agadez <a class=\"ebdf\" href=\"https:\/\/www.flute.pl\/kostenlos-herunterladen-zombie-spiele\/\">zombie games for free<\/a>. Reto Freim\u00fcller und Andy N\u00e4nny konnten ihn nach fast zweij\u00e4hriger Vorbereitung\u00a0 endlich der Dorfkooperative \u00fcbergeben. In der Schweiz hatten sie gemeinsam mit weiteren Saharafreunden eingeeignetes Fahrzeug erstanden und es mit breiter finanzieller und tatkr\u00e4ftiger Unterst\u00fctzung total revidiert sowie mit zahlreichen f\u00fcr die extremen Verh\u00e4ltnisse notwendigen Extras versehen <a class=\"ebdf\" href=\"http:\/\/luonggiawatch.com\/super-smash-bros-kostenlos-downloaden.lgw\">super smash bros kostenlos downloaden<\/a>.<\/p>\n<p>Mit dem Muco begann in Timia eine erfolgreiche Zeit. Gemeinsam mit dem bisherigen \u201egr\u00fcnen\u201c Fahrzeug konnte die Kooperative damit bereits nach drei Jahren gewinnbringend wirtschaften <a class=\"ebdf\" href=\"http:\/\/www.joergensen.ch\/?p=5398\">herunterladen<\/a>. Die Ertr\u00e4ge aus dem Transportgesch\u00e4ft werden in eine Getreidebank investiert, welche die lokale Bev\u00f6lkerung vor fluktuierenden Getreidepreisen sch\u00fctzt <a class=\"ebdf\" href=\"http:\/\/socialdesignhouse.com\/itunes-herunterladen-geht-nicht\/\">Itunes download is not possible<\/a>.<\/p>\n<p>Das Projekt Camion wurde inzwischen sogar als \u201eBestes Projekt der Region\u201c ausgezeichnet. Nach einer l\u00e4ngeren Pannenserie musste die Kooperative im Jahr 2008 das \u201egr\u00fcne\u201c Fahrzeug definitiv aufgegeben werden <a class=\"ebdf\" href=\"https:\/\/www.escrime-parmentier.fr\/2020\/06\/22\/jobcenter-formulare-herunterladen\/\">jobcenter formulare herunterladen<\/a>. Die Beschaffung eines Ersatzwagens ist seither dringend, der Kooperative ist es jedoch nicht m\u00f6glich, in Niger ein geeignetes Fahrzeug in gutem Zustand zu erwerben <a class=\"ebdf\" href=\"https:\/\/keyandclean.biz\/apps-downloaden-samsung-tv-2014\/\">appsen samsung tv 2014<\/a>.<\/p>\n<p><a href=\"http:\/\/www.projektcamion.ch\/wp-content\/uploads\/2010\/04\/pc3870005.jpg\" data-rel=\"lightbox-gallery-bOUILJUk\" data-rl_title=\"\" data-rl_caption=\"\"><img loading=\"lazy\" decoding=\"async\" src=\"http:\/\/www.projektcamion.ch\/wp-content\/uploads\/2010\/04\/pc3870005-750x488.jpg\" alt=\"\" title=\"\" width=\"750\" height=\"488\" class=\"alignnone size-large wp-image-146\" srcset=\"http:\/\/www.projektcamion.ch\/wp-content\/uploads\/2010\/04\/pc3870005-750x488.jpg 750w, http:\/\/www.projektcamion.ch\/wp-content\/uploads\/2010\/04\/pc3870005-375x244.jpg 375w, http:\/\/www.projektcamion.ch\/wp-content\/uploads\/2010\/04\/pc3870005.jpg 1571w\" sizes=\"auto, (max-width: 750px) 100vw, 750px\" \/><\/a><\/p>\n","protected":false},"excerpt":{"rendered":"<p>Im Dezember 1997 lief die Bev\u00f6lkerung von Timia zu einem Freudenfest zusammen. Nach einer Odyssee von der Schweiz nach Niger war der neue Lastwagen \u201eMuco\u201c angekommen und nun bereit f\u00fcr seine Transportdienste zwischen der Oase und Agadez zombie games for free. Reto Freim\u00fcller und Andy N\u00e4nny konnten ihn nach fast zweij\u00e4hriger Vorbereitung\u00a0 endlich der Dorfkooperative [&hellip;]<\/p>\n","protected":false},"author":1,"featured_media":0,"parent":14,"menu_order":30,"comment_status":"open","ping_status":"open","template":"","meta":{"footnotes":""},"class_list":["post-12","page","type-page","status-publish","hentry"],"_links":{"self":[{"href":"http:\/\/www.projektcamion.ch\/index.php?rest_route=\/wp\/v2\/pages\/12","targetHints":{"allow":["GET"]}}],"collection":[{"href":"http:\/\/www.projektcamion.ch\/index.php?rest_route=\/wp\/v2\/pages"}],"about":[{"href":"http:\/\/www.projektcamion.ch\/index.php?rest_route=\/wp\/v2\/types\/page"}],"author":[{"embeddable":true,"href":"http:\/\/www.projektcamion.ch\/index.php?rest_route=\/wp\/v2\/users\/1"}],"replies":[{"embeddable":true,"href":"http:\/\/www.projektcamion.ch\/index.php?rest_route=%2Fwp%2Fv2%2Fcomments&post=12"}],"version-history":[{"count":8,"href":"http:\/\/www.projektcamion.ch\/index.php?rest_route=\/wp\/v2\/pages\/12\/revisions"}],"predecessor-version":[{"id":169,"href":"http:\/\/www.projektcamion.ch\/index.php?rest_route=\/wp\/v2\/pages\/12\/revisions\/169"}],"up":[{"embeddable":true,"href":"http:\/\/www.projektcamion.ch\/index.php?rest_route=\/wp\/v2\/pages\/14"}],"wp:attachment":[{"href":"http:\/\/www.projektcamion.ch\/index.php?rest_route=%2Fwp%2Fv2%2Fmedia&parent=12"}],"curies":[{"name":"wp","href":"https:\/\/api.w.org\/{rel}","templated":true}]}}