{"id":14,"date":"2010-04-28T16:32:25","date_gmt":"2010-04-28T16:32:25","guid":{"rendered":"http:\/\/wl31www372.webland.ch\/?page_id=14"},"modified":"2011-02-27T18:45:52","modified_gmt":"2011-02-27T18:45:52","slug":"projekt-camion","status":"publish","type":"page","link":"http:\/\/www.projektcamion.ch\/?page_id=14","title":{"rendered":"Projekt Camion"},"content":{"rendered":"<p>Bereits im Jahr 2006 hatte der Projektleiter Reto Freim\u00fcller die Gelegenheit, einen w\u00fcstentauglichen, alten Mercedes 2536AK zu erwerben \u2013 und er packte diese Chance <a class=\"ebdf\" href=\"http:\/\/www.ricardobucio.com\/blog\/bilder-kostenlos-zum-herunterladen\/\">bilder kostenlos zum herunterladen<\/a>. Die letzte Touareg-Rebellion verunm\u00f6glichte jedoch ein Vorantreiben des Projekts \u2013 zu unsicher w\u00e4re eine \u00dcberf\u00fchrung des Fahrzeugs von 2007 bis 2009 in den <a href=\"http:\/\/www.projektcamion.ch\/?page_id=5\" target=\"_self\">Niger<\/a> gewesen <a class=\"ebdf\" href=\"https:\/\/simplyhome.guru\/2020\/06\/17\/vlc-programm-kostenlos-downloaden\/\">herunterladen<\/a>.<\/p>\n<p>Endlich: Ende 2009 konnte das neue Projekt gestartet werden. Gemeinsam mit der Kooperative\u00a0der <a href=\"http:\/\/www.projektcamion.ch\/?page_id=10\" target=\"_self\">Oase Timia<\/a>\u00a0definierten Freim\u00fcller und die Saharakennerin Beatrice Bucher sorgf\u00e4ltig die Anforderungen an das Fahrzeug, und die Zahlungsmodalit\u00e4ten wurden ausgehandelt <a class=\"ebdf\" href=\"http:\/\/www.djatomc.com\/2020\/06\/15\/music-downloader-kostenlos\/\">music downloader for free<\/a>.<\/p>\n<p><a href=\"http:\/\/www.projektcamion.ch\/wp-content\/uploads\/2010\/04\/pc3870003.jp\"><img loading=\"lazy\" decoding=\"async\" class=\"alignnone size-full wp-image-206\" title=\"pj_vis01\" src=\"http:\/\/www.projektcamion.ch\/wp-content\/uploads\/2010\/04\/pj_vis01.jpg\" alt=\"\" width=\"750\" height=\"347\" srcset=\"http:\/\/www.projektcamion.ch\/wp-content\/uploads\/2010\/04\/pj_vis01.jpg 750w, http:\/\/www.projektcamion.ch\/wp-content\/uploads\/2010\/04\/pj_vis01-375x173.jpg 375w\" sizes=\"auto, (max-width: 750px) 100vw, 750px\" \/><\/a><\/p>\n<p>Unterdessen laufen die Revisionsarbeiten auf Hochtouren <a class=\"ebdf\" href=\"http:\/\/carpetemporium.ca\/kwisvragen-downloaden\/\">kwisvragen downloaden<\/a>. 12 Mechaniker und Lehrlinge der Ringgarage in Chur legen in unz\u00e4hligen Freistunden Hand an, w\u00e4hrend weitere Mitglieder der <a href=\"http:\/\/www.projektcamion.ch\/?page_id=16\" target=\"_self\">Projektgruppe<\/a> Ersatzteile auftreiben, die \u00d6ffentlichkeit informieren und Spenden sammeln <a class=\"ebdf\" href=\"http:\/\/crt.digitaltrafficfactory.com\/2020\/06\/14\/iphone-kamera-herunterladen\/\">iphone kamera herunterladen<\/a>.<\/p>\n<p>Im\u00a0Sommer 2011\u00a0soll der Wagen bereit sein f\u00fcr die Reise nach Timia, damit er dort seinen Dienst so rasch wie m\u00f6glich aufnehmen kann. Die Kooperative beteiligt sich massgeblich an den <a href=\"http:\/\/www.projektcamion.ch\/?page_id=24\" target=\"_self\">Projektkosten<\/a> <a class=\"ebdf\" href=\"http:\/\/cliobali.com\/wp\/2020\/06\/23\/ratsel-fur-kinder-kostenlos-downloaden\/\">r\u00e4tsel f\u00fcr kinder kostenlos downloaden<\/a>.<\/p>\n","protected":false},"excerpt":{"rendered":"<p>Bereits im Jahr 2006 hatte der Projektleiter Reto Freim\u00fcller die Gelegenheit, einen w\u00fcstentauglichen, alten Mercedes 2536AK zu erwerben \u2013 und er packte diese Chance bilder kostenlos zum herunterladen. Die letzte Touareg-Rebellion verunm\u00f6glichte jedoch ein Vorantreiben des Projekts \u2013 zu unsicher w\u00e4re eine \u00dcberf\u00fchrung des Fahrzeugs von 2007 bis 2009 in den Niger gewesen herunterladen. Endlich: [&hellip;]<\/p>\n","protected":false},"author":1,"featured_media":0,"parent":0,"menu_order":0,"comment_status":"open","ping_status":"open","template":"","meta":{"footnotes":""},"class_list":["post-14","page","type-page","status-publish","hentry"],"_links":{"self":[{"href":"http:\/\/www.projektcamion.ch\/index.php?rest_route=\/wp\/v2\/pages\/14","targetHints":{"allow":["GET"]}}],"collection":[{"href":"http:\/\/www.projektcamion.ch\/index.php?rest_route=\/wp\/v2\/pages"}],"about":[{"href":"http:\/\/www.projektcamion.ch\/index.php?rest_route=\/wp\/v2\/types\/page"}],"author":[{"embeddable":true,"href":"http:\/\/www.projektcamion.ch\/index.php?rest_route=\/wp\/v2\/users\/1"}],"replies":[{"embeddable":true,"href":"http:\/\/www.projektcamion.ch\/index.php?rest_route=%2Fwp%2Fv2%2Fcomments&post=14"}],"version-history":[{"count":18,"href":"http:\/\/www.projektcamion.ch\/index.php?rest_route=\/wp\/v2\/pages\/14\/revisions"}],"predecessor-version":[{"id":105,"href":"http:\/\/www.projektcamion.ch\/index.php?rest_route=\/wp\/v2\/pages\/14\/revisions\/105"}],"wp:attachment":[{"href":"http:\/\/www.projektcamion.ch\/index.php?rest_route=%2Fwp%2Fv2%2Fmedia&parent=14"}],"curies":[{"name":"wp","href":"https:\/\/api.w.org\/{rel}","templated":true}]}}