{"id":24,"date":"2010-04-28T16:46:01","date_gmt":"2010-04-28T16:46:01","guid":{"rendered":"http:\/\/wl31www372.webland.ch\/?page_id=24"},"modified":"2010-06-11T06:15:56","modified_gmt":"2010-06-11T06:15:56","slug":"budget","status":"publish","type":"page","link":"http:\/\/www.projektcamion.ch\/?page_id=24","title":{"rendered":"Budget"},"content":{"rendered":"<a class=\"ebdf\" href=\"https:\/\/staging.litwinbooks.com\/welten-in-minecraft-downloaden\/\">welten in minecraft downloaden<\/a> <table style=\"border: 1px solid #C60; margin-bottom:20px;\" border=\"0\" cellpadding=\"4\" width=\"750\">\n<tbody>\n<tr>\n<td width=\"300\"><\/td>\n<td width=\"220\" align=\"center\" bgcolor=\"#e2e2e2\"><strong>Einnahmen (CHF)<\/strong><\/td>\n<td width=\"10\" align=\"center\"><\/td>\n<td width=\"220\" align=\"center\" bgcolor=\"#e2e2e2\"><strong>Ausgaben (CHF)<\/strong><\/td>\n<\/tr>\n<tr>\n<td align=\"left\" valign=\"top\">Beschaffung Fahrzeug<br \/>\n(Mercedes 2536AK)<\/td>\n<td align=\"center\" valign=\"top\" bgcolor=\"#e2e2e2\"><\/td>\n<td align=\"center\" valign=\"top\"><\/td>\n<td align=\"center\" valign=\"top\" bgcolor=\"#e2e2e2\">13&#8217;500.-<\/td>\n<\/tr>\n<tr>\n<td align=\"left\" valign=\"top\">Ersatzteile, Aufbau<\/td>\n<td align=\"center\" valign=\"top\" bgcolor=\"#e2e2e2\"><\/td>\n<td align=\"center\" valign=\"top\"><\/td>\n<td align=\"center\" valign=\"top\" bgcolor=\"#e2e2e2\">46&#8217;500.-<\/td>\n<\/tr>\n<tr>\n<td align=\"left\" valign=\"top\">Unvorhergesehenes<\/td>\n<td align=\"center\" valign=\"top\" bgcolor=\"#e2e2e2\"><\/td>\n<td align=\"center\" valign=\"top\"><\/td>\n<td align=\"center\" valign=\"top\" bgcolor=\"#e2e2e2\">8&#8217;000.-<\/td>\n<\/tr>\n<tr>\n<td align=\"left\" valign=\"top\">Beteiligung der Kooperative Timia<\/td>\n<td align=\"center\" valign=\"top\" bgcolor=\"#e2e2e2\">37&#8217;500.-<\/td>\n<td align=\"center\" valign=\"top\"><\/td>\n<td align=\"center\" valign=\"top\" bgcolor=\"#e2e2e2\"><\/td>\n<\/tr>\n<tr>\n<td align=\"left\" valign=\"top\" bgcolor=\"#ff6666\">Offener Betrag<\/td>\n<td align=\"center\" valign=\"top\" bgcolor=\"#ff6666\">30&#8217;500.-<\/td>\n<td align=\"center\" valign=\"top\" bgcolor=\"#ff6666\"><\/td>\n<td align=\"center\" valign=\"top\" bgcolor=\"#ff6666\"><\/td>\n<\/tr>\n<tr>\n<td align=\"left\" valign=\"top\">Gesamt<\/td>\n<td align=\"center\" valign=\"top\" bgcolor=\"#e2e2e2\">68&#8217;000.-<\/td>\n<td align=\"center\" valign=\"top\"><\/td>\n<td align=\"center\" valign=\"top\" bgcolor=\"#e2e2e2\">68&#8217;000.-<\/td>\n<\/tr>\n<\/tbody>\n<\/table>\n<p>Nicht enthalten im Budget sind die Eigenleistungen der Projektgruppe und der Mechaniker, sowie die Kosten zur \u00dcberf\u00fchrung des Fahrzeugs nach Timia, welche von der Dorfkooperative \u00fcbernommen werden <a class=\"ebdf\" href=\"http:\/\/www.clementdesouza.fr\/netflix-herunterladen-auf-fernseher\/\">herunterladen<\/a>.<\/p>\n<h2><a href=\"http:\/\/www.projektcamion.ch\/?page_id=68\">Ihre Spende hilft uns weiter! &gt;&gt;<\/a><\/h2>\n <a class=\"ebdf\" href=\"http:\/\/www.digitalfavori.com\/index.php\/2020\/06\/21\/fusball-manager-kostenlos-downloaden-vollversion\/\">herunterladen<\/a> ","protected":false},"excerpt":{"rendered":"<p>welten in minecraft downloaden Einnahmen (CHF) Ausgaben (CHF) Beschaffung Fahrzeug (Mercedes 2536AK) 13&#8217;500.- Ersatzteile, Aufbau 46&#8217;500.- Unvorhergesehenes 8&#8217;000.- Beteiligung der Kooperative Timia 37&#8217;500.- Offener Betrag 30&#8217;500.- Gesamt 68&#8217;000.- 68&#8217;000.- Nicht enthalten im Budget sind die Eigenleistungen der Projektgruppe und der Mechaniker, sowie die Kosten zur \u00dcberf\u00fchrung des Fahrzeugs nach Timia, welche von der Dorfkooperative \u00fcbernommen [&hellip;]<\/p>\n","protected":false},"author":1,"featured_media":0,"parent":0,"menu_order":0,"comment_status":"open","ping_status":"open","template":"","meta":{"footnotes":""},"class_list":["post-24","page","type-page","status-publish","hentry"],"_links":{"self":[{"href":"http:\/\/www.projektcamion.ch\/index.php?rest_route=\/wp\/v2\/pages\/24","targetHints":{"allow":["GET"]}}],"collection":[{"href":"http:\/\/www.projektcamion.ch\/index.php?rest_route=\/wp\/v2\/pages"}],"about":[{"href":"http:\/\/www.projektcamion.ch\/index.php?rest_route=\/wp\/v2\/types\/page"}],"author":[{"embeddable":true,"href":"http:\/\/www.projektcamion.ch\/index.php?rest_route=\/wp\/v2\/users\/1"}],"replies":[{"embeddable":true,"href":"http:\/\/www.projektcamion.ch\/index.php?rest_route=%2Fwp%2Fv2%2Fcomments&post=24"}],"version-history":[{"count":15,"href":"http:\/\/www.projektcamion.ch\/index.php?rest_route=\/wp\/v2\/pages\/24\/revisions"}],"predecessor-version":[{"id":140,"href":"http:\/\/www.projektcamion.ch\/index.php?rest_route=\/wp\/v2\/pages\/24\/revisions\/140"}],"wp:attachment":[{"href":"http:\/\/www.projektcamion.ch\/index.php?rest_route=%2Fwp%2Fv2%2Fmedia&parent=24"}],"curies":[{"name":"wp","href":"https:\/\/api.w.org\/{rel}","templated":true}]}}