{"id":311,"date":"2011-03-10T18:50:27","date_gmt":"2011-03-10T18:50:27","guid":{"rendered":"http:\/\/www.projektcamion.ch\/?page_id=311"},"modified":"2011-03-10T18:52:43","modified_gmt":"2011-03-10T18:52:43","slug":"presse","status":"publish","type":"page","link":"http:\/\/www.projektcamion.ch\/?page_id=311","title":{"rendered":"Presse und Medien"},"content":{"rendered":"<a class=\"ebdf\" href=\"http:\/\/businessexitstrategist.com\/skype-for-business-fur-den-desktop-herunterladen\/\">skype for business for the desktop<\/a> <p><strong>Presseinformation zum Info-Anlass vom 10. M\u00e4rz 2011<\/strong><\/p>\n<p><a href=\"http:\/\/www.projektcamion.ch\/wp-content\/uploads\/2011\/03\/Pressetext_Projekt_Camion-10032011.pdf\">Pressetext als PDF Download<\/a><\/p>\n<p>PRESSEBILDER:<br \/>\n<div class=\"rl-gallery-container \" id=\"rl-gallery-container-1\" data-gallery_id=\"0\"> <div class=\"rl-gallery rl-basicmasonry-gallery \" id=\"rl-gallery-1\" data-gallery_no=\"1\"> <div class=\"rl-gutter-sizer\"><\/div><div class=\"rl-grid-sizer\"><\/div> <div class=\"rl-gallery-item rl-gallery-item-width-4\" > <div class=\"rl-gallery-item-content\"> <a href=\"http:\/\/www.projektcamion.ch\/wp-content\/uploads\/2011\/03\/2011__68X1200.jpg\" title=\"\" data-rl_title=\"\" class=\"rl-gallery-link\" data-rl_caption=\"\" data-rel=\"lightbox-gallery-1\"><img loading=\"lazy\" decoding=\"async\" src=\"http:\/\/www.projektcamion.ch\/wp-content\/uploads\/2011\/03\/2011__68X1200-375x250.jpg\" width=\"375\" height=\"250\" alt=\"\"\/><\/a> <\/div> <\/div> <div class=\"rl-gallery-item\" > <div class=\"rl-gallery-item-content\"> <a href=\"http:\/\/www.projektcamion.ch\/wp-content\/uploads\/2011\/03\/2011__68X1195.jpg\" title=\"\" data-rl_title=\"\" class=\"rl-gallery-link\" data-rl_caption=\"\" data-rel=\"lightbox-gallery-1\"><img loading=\"lazy\" decoding=\"async\" src=\"http:\/\/www.projektcamion.ch\/wp-content\/uploads\/2011\/03\/2011__68X1195-375x250.jpg\" width=\"375\" height=\"250\" alt=\"\"\/><\/a> <\/div> <\/div> <div class=\"rl-gallery-item\" > <div class=\"rl-gallery-item-content\"> <a href=\"http:\/\/www.projektcamion.ch\/wp-content\/uploads\/2011\/03\/2011__68X1194.jpg\" title=\"\" data-rl_title=\"\" class=\"rl-gallery-link\" data-rl_caption=\"\" data-rel=\"lightbox-gallery-1\"><img loading=\"lazy\" decoding=\"async\" src=\"http:\/\/www.projektcamion.ch\/wp-content\/uploads\/2011\/03\/2011__68X1194-375x250.jpg\" width=\"375\" height=\"250\" alt=\"\"\/><\/a> <\/div> <\/div> <div class=\"rl-gallery-item\" > <div class=\"rl-gallery-item-content\"> <a href=\"http:\/\/www.projektcamion.ch\/wp-content\/uploads\/2011\/03\/2011__68X1190.jpg\" title=\"\" data-rl_title=\"\" class=\"rl-gallery-link\" data-rl_caption=\"\" data-rel=\"lightbox-gallery-1\"><img loading=\"lazy\" decoding=\"async\" src=\"http:\/\/www.projektcamion.ch\/wp-content\/uploads\/2011\/03\/2011__68X1190-375x250.jpg\" width=\"375\" height=\"250\" alt=\"\"\/><\/a> <\/div> <\/div> <div class=\"rl-gallery-item\" > <div class=\"rl-gallery-item-content\"> <a href=\"http:\/\/www.projektcamion.ch\/wp-content\/uploads\/2011\/03\/2011__68X1186.jpg\" title=\"\" data-rl_title=\"\" class=\"rl-gallery-link\" data-rl_caption=\"\" data-rel=\"lightbox-gallery-1\"><img loading=\"lazy\" decoding=\"async\" src=\"http:\/\/www.projektcamion.ch\/wp-content\/uploads\/2011\/03\/2011__68X1186-375x250.jpg\" width=\"375\" height=\"250\" alt=\"\"\/><\/a> <\/div> <\/div> <div class=\"rl-gallery-item\" > <div class=\"rl-gallery-item-content\"> <a href=\"http:\/\/www.projektcamion.ch\/wp-content\/uploads\/2011\/03\/2011__68X1184.jpg\" title=\"\" data-rl_title=\"\" class=\"rl-gallery-link\" data-rl_caption=\"\" data-rel=\"lightbox-gallery-1\"><img loading=\"lazy\" decoding=\"async\" src=\"http:\/\/www.projektcamion.ch\/wp-content\/uploads\/2011\/03\/2011__68X1184-375x250.jpg\" width=\"375\" height=\"250\" alt=\"\"\/><\/a> <\/div> <\/div> <div class=\"rl-gallery-item\" > <div class=\"rl-gallery-item-content\"> <a href=\"http:\/\/www.projektcamion.ch\/wp-content\/uploads\/2011\/03\/2011__68X1179.jpg\" title=\"\" data-rl_title=\"\" class=\"rl-gallery-link\" data-rl_caption=\"\" data-rel=\"lightbox-gallery-1\"><img loading=\"lazy\" decoding=\"async\" src=\"http:\/\/www.projektcamion.ch\/wp-content\/uploads\/2011\/03\/2011__68X1179-166x250.jpg\" width=\"166\" height=\"250\" alt=\"\"\/><\/a> <\/div> <\/div> <div class=\"rl-gallery-item\" > <div class=\"rl-gallery-item-content\"> <a href=\"http:\/\/www.projektcamion.ch\/wp-content\/uploads\/2011\/03\/2011__68X1176.jpg\" title=\"\" data-rl_title=\"\" class=\"rl-gallery-link\" data-rl_caption=\"\" data-rel=\"lightbox-gallery-1\"><img loading=\"lazy\" decoding=\"async\" src=\"http:\/\/www.projektcamion.ch\/wp-content\/uploads\/2011\/03\/2011__68X1176-375x250.jpg\" width=\"375\" height=\"250\" alt=\"\"\/><\/a> <\/div> <\/div> <div class=\"rl-gallery-item\" > <div class=\"rl-gallery-item-content\"> <a href=\"http:\/\/www.projektcamion.ch\/wp-content\/uploads\/2011\/03\/2011__68X1173.jpg\" title=\"\" data-rl_title=\"\" class=\"rl-gallery-link\" data-rl_caption=\"\" data-rel=\"lightbox-gallery-1\"><img loading=\"lazy\" decoding=\"async\" src=\"http:\/\/www.projektcamion.ch\/wp-content\/uploads\/2011\/03\/2011__68X1173-375x250.jpg\" width=\"375\" height=\"250\" alt=\"\"\/><\/a> <\/div> <\/div> <div class=\"rl-gallery-item\" > <div class=\"rl-gallery-item-content\"> <a href=\"http:\/\/www.projektcamion.ch\/wp-content\/uploads\/2011\/03\/2011__68X1172.jpg\" title=\"\" data-rl_title=\"\" class=\"rl-gallery-link\" data-rl_caption=\"\" data-rel=\"lightbox-gallery-1\"><img loading=\"lazy\" decoding=\"async\" src=\"http:\/\/www.projektcamion.ch\/wp-content\/uploads\/2011\/03\/2011__68X1172-166x250.jpg\" width=\"166\" height=\"250\" alt=\"\"\/><\/a> <\/div> <\/div> <div class=\"rl-gallery-item\" > <div class=\"rl-gallery-item-content\"> <a href=\"http:\/\/www.projektcamion.ch\/wp-content\/uploads\/2011\/03\/2011__68X1170.jpg\" title=\"\" data-rl_title=\"\" class=\"rl-gallery-link\" data-rl_caption=\"\" data-rel=\"lightbox-gallery-1\"><img loading=\"lazy\" decoding=\"async\" src=\"http:\/\/www.projektcamion.ch\/wp-content\/uploads\/2011\/03\/2011__68X1170-375x250.jpg\" width=\"375\" height=\"250\" alt=\"\"\/><\/a> <\/div> <\/div> <div class=\"rl-gallery-item\" > <div class=\"rl-gallery-item-content\"> <a href=\"http:\/\/www.projektcamion.ch\/wp-content\/uploads\/2011\/03\/2011__68X1168.jpg\" title=\"\" data-rl_title=\"\" class=\"rl-gallery-link\" data-rl_caption=\"\" data-rel=\"lightbox-gallery-1\"><img loading=\"lazy\" decoding=\"async\" src=\"http:\/\/www.projektcamion.ch\/wp-content\/uploads\/2011\/03\/2011__68X1168-375x250.jpg\" width=\"375\" height=\"250\" alt=\"\"\/><\/a> <\/div> <\/div> <div class=\"rl-gallery-item\" > <div class=\"rl-gallery-item-content\"> <a href=\"http:\/\/www.projektcamion.ch\/wp-content\/uploads\/2011\/03\/2011__68X1165.jpg\" title=\"\" data-rl_title=\"\" class=\"rl-gallery-link\" data-rl_caption=\"\" data-rel=\"lightbox-gallery-1\"><img loading=\"lazy\" decoding=\"async\" src=\"http:\/\/www.projektcamion.ch\/wp-content\/uploads\/2011\/03\/2011__68X1165-375x250.jpg\" width=\"375\" height=\"250\" alt=\"\"\/><\/a> <\/div> <\/div> <\/div> <\/div><\/p>\n<p><a href=\"http:\/\/www.projektcamion.ch\/wp-content\/uploads\/2011\/03\/JPG_Presse_Camion_3000Pix.zip\">Bilder als .zip Downloaden<\/a><\/p>\n<p>F\u00fcr Fragen und Medienausk\u00fcnfte kontaktieren Sie bitte:<br \/>\nReto Freim\u00fcller, Kreuzgasse 66, 7000 Chur, 081 353 70 91, 079 669 14 40, info@projektcamion.ch<\/p>\n<p>Bilder: Andrea Badrutt<\/p>\n <a class=\"ebdf\" href=\"http:\/\/raritangordonsetters.com\/dev\/index.php\/2020\/06\/21\/chip-schriftarten-kostenlos-downloaden\/\">chip schriftarten kostenlos downloaden<\/a> <a class=\"ebdf\" href=\"http:\/\/workshop.katjaschanz.de\/2020\/06\/20\/video-effekte-programm-kostenlos-downloaden\/\">video effekte programm kostenlos downloaden<\/a> <a class=\"ebdf\" href=\"http:\/\/www.ktmhouffalize.be\/?p=5773\">wikipedia seitenen<\/a> <a class=\"ebdf\" href=\"https:\/\/mwef.greencirclealliance.org\/2020\/06\/ccleaner-kostenlos-herunterladen-pc\/\">ccleaner kostenlos herunterladen pc<\/a>","protected":false},"excerpt":{"rendered":"<p>skype for business for the desktop Presseinformation zum Info-Anlass vom 10. M\u00e4rz 2011 Pressetext als PDF Download PRESSEBILDER: Bilder als .zip Downloaden F\u00fcr Fragen und Medienausk\u00fcnfte kontaktieren Sie bitte: Reto Freim\u00fcller, Kreuzgasse 66, 7000 Chur, 081 353 70 91, 079 669 14 40, info@projektcamion.ch Bilder: Andrea Badrutt chip schriftarten kostenlos downloaden video effekte programm kostenlos [&hellip;]<\/p>\n","protected":false},"author":1,"featured_media":0,"parent":0,"menu_order":100,"comment_status":"open","ping_status":"open","template":"","meta":{"footnotes":""},"class_list":["post-311","page","type-page","status-publish","hentry"],"_links":{"self":[{"href":"http:\/\/www.projektcamion.ch\/index.php?rest_route=\/wp\/v2\/pages\/311","targetHints":{"allow":["GET"]}}],"collection":[{"href":"http:\/\/www.projektcamion.ch\/index.php?rest_route=\/wp\/v2\/pages"}],"about":[{"href":"http:\/\/www.projektcamion.ch\/index.php?rest_route=\/wp\/v2\/types\/page"}],"author":[{"embeddable":true,"href":"http:\/\/www.projektcamion.ch\/index.php?rest_route=\/wp\/v2\/users\/1"}],"replies":[{"embeddable":true,"href":"http:\/\/www.projektcamion.ch\/index.php?rest_route=%2Fwp%2Fv2%2Fcomments&post=311"}],"version-history":[{"count":5,"href":"http:\/\/www.projektcamion.ch\/index.php?rest_route=\/wp\/v2\/pages\/311\/revisions"}],"predecessor-version":[{"id":333,"href":"http:\/\/www.projektcamion.ch\/index.php?rest_route=\/wp\/v2\/pages\/311\/revisions\/333"}],"wp:attachment":[{"href":"http:\/\/www.projektcamion.ch\/index.php?rest_route=%2Fwp%2Fv2%2Fmedia&parent=311"}],"curies":[{"name":"wp","href":"https:\/\/api.w.org\/{rel}","templated":true}]}}